{"id":1683,"date":"2020-05-26T00:53:31","date_gmt":"2020-05-25T21:53:31","guid":{"rendered":"https:\/\/samulitolvanen.fi\/jasen\/?page_id=1683"},"modified":"2020-05-26T00:54:41","modified_gmt":"2020-05-25T21:54:41","slug":"maksuehdot","status":"publish","type":"page","link":"https:\/\/samulitolvanen.fi\/jasen\/maksuehdot\/","title":{"rendered":"Maksuehdot"},"content":{"rendered":"<p style=\"text-align: center;\">Yhteystiedot<br \/>samuli.tolvanen44@gmail.com<br \/>Puhelinnumero 0405184929<br \/>Osoite:<br \/>Arabiankatu 4C 76, Helsinki, 00560<\/p>\n<h2 style=\"text-align: center;\">Samuli Tolvanen Valmennukset OY<br \/>Maksuehdot<\/h2>\n<div class=\"row\"  id=\"row-1157210211\">\n\n\t<div class=\"col medium-2 small-12 large-2\"  >\n\t\t<div class=\"col-inner\"  >\n\t\t\t\n\t\t\t\n\t\t<\/div>\n\t<\/div>\n\n\t\n\n\t<div class=\"col medium-8 small-12 large-8\"  >\n\t\t<div class=\"col-inner\"  >\n\t\t\t\n\t\t\t\n<p>TOIMITUSEHDOT<br \/>TOIMITUSEHDOT, versio 4.2.2019<br \/>N\u00e4it\u00e4 toimitusehtoja sovelletaan Samuli Tolvanen Valmennukset Oy:n (2931759-7) osalta \u2028<\/p>\n<p>1. Yleiset maksu- ja toimitusehdot<br \/>Verkkokaupan tuotteita tulevaisuudessa myy Samuli Tolvanen Valmennukset OY(Y-tunnus (2931759-7)). Myymme tuotteita t\u00e4ysi-ik\u00e4isille yksityishenkil\u00f6ille Suomeen ja EU-alueelle. Tuotteiden hinnat sis\u00e4lt\u00e4v\u00e4t arvonlis\u00e4veron. \u2028Pid\u00e4t\u00e4mme oikeuden hintojen ja postikulujen muutoksiin.<br \/>Tilaaminen<br \/>Tuotteet tilataan p\u00e4\u00e4s\u00e4\u00e4nt\u00f6isesti internetin v\u00e4lityksell\u00e4 osoitteesta www.samulitolvanenvalmennus.com\/tilaussivu<br \/>Kaikki tilaukset vahvistetaan s\u00e4hk\u00f6postilla, jossa ilmoitetaan tilauksen hinta, mahdolliset toimituskulut sek\u00e4 tilatut tuotteet. Tilausvahvistuksen saaminen edellytt\u00e4\u00e4 s\u00e4hk\u00f6postiosoitteen ilmoittamista tilauksen yhteydess\u00e4.<br \/>Asiakas sitoutuu jokaisen tilauksen yhteydess\u00e4 kulloinkin voimassa oleviin toimitusehtoihin.<br \/>Tilausvahvistuksesta n\u00e4et:<br \/>\u2022 Laskusi loppusumman<br \/>&#8211; Kuitit\u2028<\/p>\n<p>Maksutavat<br \/>Tuotteet ja niiden postikulut maksetaan tilauksen yhteydess\u00e4. Verkkokaupassa voidaan maksaa seuraavilla maksutavoilla: Paytrail tai Stripe Inc -palveluiden kautta.<\/p>\n<p>MAKSUPALVELUNTARJOAJA: PAYTRAIL FINLAND<br \/>Paytrail on sinulle turvallinen maksutapa. Meill\u00e4 on Finanssivalvonnan my\u00f6nt\u00e4m\u00e4 maksulaitostoimilupa.<br \/>Paytrail toimii verkkomaksujen v\u00e4litt\u00e4j\u00e4n\u00e4. Osana p\u00e4ivitt\u00e4ist\u00e4 maksujenv\u00e4litys- ja yritystoimintaamme k\u00e4sittelemme maksuihin liittyvi\u00e4 henkil\u00f6tietoja.<br \/>PAYTRAIL pyrkii kaikissa toiminnoissaan varmistamaan henkil\u00f6tietojen k\u00e4sittelyn tietoturvallisella, yksityisyytt\u00e4 kunnioittavalla ja voimassaolevaa lains\u00e4\u00e4d\u00e4nt\u00f6\u00e4 noudattavalla tavalla. Sitoudumme EU:n Tietosuoja-asetuksen (GDPR) asettamiin vaatimuksiin ja kehit\u00e4mme tietosuojaamme sen mukaisesti. Tietosuoja huomioidaan kaikissa tietoturvaan liittyviss\u00e4 ratkaisuissa.<br \/>Tietosuojalla tarkoitetaan henkil\u00f6tietojen k\u00e4sittely\u00e4 tavalla, joka takaa yksil\u00f6n oikeuden yksityisyyteen ja omiin tietoihinsa.<br \/>Paytrailin johto hyv\u00e4ksyy t\u00e4ss\u00e4 mainitut periaatteet ja sitoutuu tietosuojaty\u00f6h\u00f6n kaikessa toiminnassaan..<br \/>Verkkokauppa toimii tuotteiden ja palveluiden markkinoijana sek\u00e4 tuotteiden toimittajana asiakkaalle. Verkkokauppa huolehtii kauppaan liittyvist\u00e4 lakis\u00e4\u00e4teisist\u00e4 sek\u00e4 itse m\u00e4\u00e4rittelemist\u00e4\u00e4n muista velvoitteista. Mik\u00e4li haluat reklamoida tai palauttaa tuotteen, sinun kannattaa olla yhteydess\u00e4 suoraan verkkokauppaan, josta tuote on tilattu.<\/p>\n<p>MAKSUPALVELUNTARJOAJA: STRIPE<br \/>Stripe on luotettu maksupalvelu, joka on k\u00e4yt\u00f6ss\u00e4 kymmeniss\u00e4 tuhansissa verkkopalveluissa. Stripen kautta voit maksaa eri maksukorteilla, ApplePaylla ja GooglePaylla. Stripen omat k\u00e4ytt\u00f6ehdot voit lukea t\u00e4\u00e4lt\u00e4: https:\/\/stripe.com\/fi\/checkout\/legal<\/p>\n<p>Ongelmatilanteet<br \/>Mik\u00e4li asiakkaalle on toimitettu v\u00e4\u00e4r\u00e4 tuote tai palvelu taikka asiakas ei ole saanut tilaamaansa tuotetta tai palvelua, tulee asiakkaan ilmoittaa virheest\u00e4 v\u00e4litt\u00f6m\u00e4sti osoitteeseen samuli.tolvanen44@gmail.com<\/p>\n<p>Muuta<br \/>Pid\u00e4t\u00e4mme oikeuden muuttaa toimitusehtojamme. Asiakkaan on ennen tilaustaan tutustuttava kulloinkin voimassa oleviin toimitusehtoihin.<br \/>Samuli Tolvanen Valmennukset Oy k\u00e4sittelee kaikki asiakastiedot t\u00e4ysin luottamuksellisesti. Samuli Tolvanen Valmennukset Oy sitoutuu olemaan luovuttamatta asiakastietoja kolmannelle osapuolelle.<\/p>\n<p>2. Samulin yksil\u00f6idyn nettivalmennuksen ehdot \/ Samulin valmennuspakettien ehdot<br \/>Samulin henkil\u00f6kohtaiseen nettivalmennukseen voivat osallistua t\u00e4ysi-ik\u00e4iset henkil\u00f6t, joiden terveydentila hyv\u00e4. Alaik\u00e4isten osalta huoltaja voi omalla vastuullaan hyv\u00e4ksy\u00e4 valmennukseen osallistumisen huollettavansa puolesta. Huoltaja vastaa viime k\u00e4dess\u00e4 j\u00e4senyyteen perustuvista maksuvelvoitteista. J\u00e4senyyden alaik\u00e4raja on viisitoista (15) vuotta.<\/p>\n<p>Samuli Tolvanen Valmennukset OY:n vastuu ja treenien turvallisuus<br \/>Valmennusten ja j\u00e4senyyksien voimassaolon aikana toteutettavat harjoitukset tapahtuvat kaikissa tilanteissa osallistujan omalla vastuulla. Osallistuja on velvollinen huolehtimaan omista tapaturma- ja vapaa-ajan vakuutuksista ja h\u00e4n on tietoinen, ettei h\u00e4nt\u00e4 ole vakuutettu Samuli Tolvanen Valmennukset OY:n toimesta.<br \/>Osallistuja hyv\u00e4ksyy sen, ett\u00e4 h\u00e4nelle mahdollisesti harjoittelun aikana aiheutuvat rasitusvammat, sairastumiset, loukkaantumiset, ym. ovat h\u00e4nen vastuullaan ja h\u00e4nelle tulee olla vakuutus n\u00e4iden varalta..<\/p>\n<p>Samuli Tolvanen Valmennukset OY <br \/>pyrkii aina toteuttamaan treenit turvallisesti ja valmentajat tekev\u00e4t parhaansa riskien minimoimiseksi, niin treeneiss\u00e4 kuin niiden ulkopuolella. T\u00e4st\u00e4 huolimatta, jokainen osallistuja on ensisijaisesti itse vastuussa siit\u00e4, ett\u00e4 h\u00e4n toteuttaa treenit oman terveydentilansa ja kuntonsa sallimissa rajoissa.<\/p>\n<p>Samuli Tolvanen Valmennukset OY:n valmennuksiin osallistuva vakuuttaa olevansa tietoinen harjoitteluun liittyvist\u00e4 riskeist\u00e4 ja osallistuu harjoitteluun omalla vastuullaan, vapauttaen samalla Samuli Tolvanen Valmennukset OY:n ohjaajina toimivat henkil\u00f6t vastuusta.<\/p>\n\t\t<\/div>\n\t<\/div>\n\n\t\n\n\t<div class=\"col medium-2 small-12 large-2\"  >\n\t\t<div class=\"col-inner\"  >\n\t\t\t\n\t\t\t\n\t\t<\/div>\n\t<\/div>\n\n\t\n<\/div>\n","protected":false},"excerpt":{"rendered":"<p>Yhteystiedotsamuli.tolvanen44@gmail.comPuhelinnumero 0405184929Osoite:Arabiankatu 4C 76, Helsinki, 00560 Samuli Tolvanen Valmennukset OYMaksuehdot<\/p>\n","protected":false},"author":87,"featured_media":0,"parent":0,"menu_order":0,"comment_status":"closed","ping_status":"closed","template":"","meta":{"pmpro_default_level":0},"yoast_head":"<!-- This site is optimized with the Yoast SEO plugin v18.4.1 - https:\/\/yoast.com\/wordpress\/plugins\/seo\/ -->\n<title>Maksuehdot - Samuli Tolvanen<\/title>\n<meta name=\"robots\" content=\"index, follow, max-snippet:-1, max-image-preview:large, max-video-preview:-1\" \/>\n<link rel=\"canonical\" href=\"https:\/\/samulitolvanen.fi\/jasen\/maksuehdot\/\" \/>\n<meta property=\"og:locale\" content=\"fi_FI\" \/>\n<meta property=\"og:type\" content=\"article\" \/>\n<meta property=\"og:title\" content=\"Maksuehdot - Samuli Tolvanen\" \/>\n<meta property=\"og:description\" content=\"Yhteystiedotsamuli.tolvanen44@gmail.comPuhelinnumero 0405184929Osoite:Arabiankatu 4C 76, Helsinki, 00560 Samuli Tolvanen Valmennukset OYMaksuehdot\" \/>\n<meta property=\"og:url\" content=\"https:\/\/samulitolvanen.fi\/jasen\/maksuehdot\/\" \/>\n<meta property=\"og:site_name\" content=\"Samuli Tolvanen\" \/>\n<meta property=\"article:modified_time\" content=\"2020-05-25T21:54:41+00:00\" \/>\n<meta name=\"twitter:card\" content=\"summary_large_image\" \/>\n<meta name=\"twitter:label1\" content=\"Arvioitu lukuaika\" \/>\n\t<meta name=\"twitter:data1\" content=\"3 minuuttia\" \/>\n<script type=\"application\/ld+json\" class=\"yoast-schema-graph\">{\"@context\":\"https:\/\/schema.org\",\"@graph\":[{\"@type\":\"WebSite\",\"@id\":\"https:\/\/samulitolvanen.fi\/jasen\/#website\",\"url\":\"https:\/\/samulitolvanen.fi\/jasen\/\",\"name\":\"Samuli Tolvanen\",\"description\":\"J\u00e4sensivu\",\"potentialAction\":[{\"@type\":\"SearchAction\",\"target\":{\"@type\":\"EntryPoint\",\"urlTemplate\":\"https:\/\/samulitolvanen.fi\/jasen\/?s={search_term_string}\"},\"query-input\":\"required name=search_term_string\"}],\"inLanguage\":\"fi\"},{\"@type\":\"WebPage\",\"@id\":\"https:\/\/samulitolvanen.fi\/jasen\/maksuehdot\/#webpage\",\"url\":\"https:\/\/samulitolvanen.fi\/jasen\/maksuehdot\/\",\"name\":\"Maksuehdot - Samuli Tolvanen\",\"isPartOf\":{\"@id\":\"https:\/\/samulitolvanen.fi\/jasen\/#website\"},\"datePublished\":\"2020-05-25T21:53:31+00:00\",\"dateModified\":\"2020-05-25T21:54:41+00:00\",\"breadcrumb\":{\"@id\":\"https:\/\/samulitolvanen.fi\/jasen\/maksuehdot\/#breadcrumb\"},\"inLanguage\":\"fi\",\"potentialAction\":[{\"@type\":\"ReadAction\",\"target\":[\"https:\/\/samulitolvanen.fi\/jasen\/maksuehdot\/\"]}]},{\"@type\":\"BreadcrumbList\",\"@id\":\"https:\/\/samulitolvanen.fi\/jasen\/maksuehdot\/#breadcrumb\",\"itemListElement\":[{\"@type\":\"ListItem\",\"position\":1,\"name\":\"Home\",\"item\":\"https:\/\/samulitolvanen.fi\/jasen\/\"},{\"@type\":\"ListItem\",\"position\":2,\"name\":\"Maksuehdot\"}]}]}<\/script>\n<!-- \/ Yoast SEO plugin. -->","yoast_head_json":{"title":"Maksuehdot - Samuli Tolvanen","robots":{"index":"index","follow":"follow","max-snippet":"max-snippet:-1","max-image-preview":"max-image-preview:large","max-video-preview":"max-video-preview:-1"},"canonical":"https:\/\/samulitolvanen.fi\/jasen\/maksuehdot\/","og_locale":"fi_FI","og_type":"article","og_title":"Maksuehdot - Samuli Tolvanen","og_description":"Yhteystiedotsamuli.tolvanen44@gmail.comPuhelinnumero 0405184929Osoite:Arabiankatu 4C 76, Helsinki, 00560 Samuli Tolvanen Valmennukset OYMaksuehdot","og_url":"https:\/\/samulitolvanen.fi\/jasen\/maksuehdot\/","og_site_name":"Samuli Tolvanen","article_modified_time":"2020-05-25T21:54:41+00:00","twitter_card":"summary_large_image","twitter_misc":{"Arvioitu lukuaika":"3 minuuttia"},"schema":{"@context":"https:\/\/schema.org","@graph":[{"@type":"WebSite","@id":"https:\/\/samulitolvanen.fi\/jasen\/#website","url":"https:\/\/samulitolvanen.fi\/jasen\/","name":"Samuli Tolvanen","description":"J\u00e4sensivu","potentialAction":[{"@type":"SearchAction","target":{"@type":"EntryPoint","urlTemplate":"https:\/\/samulitolvanen.fi\/jasen\/?s={search_term_string}"},"query-input":"required name=search_term_string"}],"inLanguage":"fi"},{"@type":"WebPage","@id":"https:\/\/samulitolvanen.fi\/jasen\/maksuehdot\/#webpage","url":"https:\/\/samulitolvanen.fi\/jasen\/maksuehdot\/","name":"Maksuehdot - Samuli Tolvanen","isPartOf":{"@id":"https:\/\/samulitolvanen.fi\/jasen\/#website"},"datePublished":"2020-05-25T21:53:31+00:00","dateModified":"2020-05-25T21:54:41+00:00","breadcrumb":{"@id":"https:\/\/samulitolvanen.fi\/jasen\/maksuehdot\/#breadcrumb"},"inLanguage":"fi","potentialAction":[{"@type":"ReadAction","target":["https:\/\/samulitolvanen.fi\/jasen\/maksuehdot\/"]}]},{"@type":"BreadcrumbList","@id":"https:\/\/samulitolvanen.fi\/jasen\/maksuehdot\/#breadcrumb","itemListElement":[{"@type":"ListItem","position":1,"name":"Home","item":"https:\/\/samulitolvanen.fi\/jasen\/"},{"@type":"ListItem","position":2,"name":"Maksuehdot"}]}]}},"_links":{"self":[{"href":"https:\/\/samulitolvanen.fi\/jasen\/wp-json\/wp\/v2\/pages\/1683"}],"collection":[{"href":"https:\/\/samulitolvanen.fi\/jasen\/wp-json\/wp\/v2\/pages"}],"about":[{"href":"https:\/\/samulitolvanen.fi\/jasen\/wp-json\/wp\/v2\/types\/page"}],"author":[{"embeddable":true,"href":"https:\/\/samulitolvanen.fi\/jasen\/wp-json\/wp\/v2\/users\/87"}],"replies":[{"embeddable":true,"href":"https:\/\/samulitolvanen.fi\/jasen\/wp-json\/wp\/v2\/comments?post=1683"}],"version-history":[{"count":2,"href":"https:\/\/samulitolvanen.fi\/jasen\/wp-json\/wp\/v2\/pages\/1683\/revisions"}],"predecessor-version":[{"id":1685,"href":"https:\/\/samulitolvanen.fi\/jasen\/wp-json\/wp\/v2\/pages\/1683\/revisions\/1685"}],"wp:attachment":[{"href":"https:\/\/samulitolvanen.fi\/jasen\/wp-json\/wp\/v2\/media?parent=1683"}],"curies":[{"name":"wp","href":"https:\/\/api.w.org\/{rel}","templated":true}]}}