{"id":1678,"date":"2020-05-26T00:50:41","date_gmt":"2020-05-25T21:50:41","guid":{"rendered":"https:\/\/samulitolvanen.fi\/jasen\/?page_id=1678"},"modified":"2020-05-26T00:52:41","modified_gmt":"2020-05-25T21:52:41","slug":"kayttoehdot","status":"publish","type":"page","link":"https:\/\/samulitolvanen.fi\/jasen\/kayttoehdot\/","title":{"rendered":"K\u00e4ytt\u00f6ehdot"},"content":{"rendered":"<p style=\"text-align: center;\">Yhteystiedot<br \/>\nsamuli.tolvanen44@gmail.com<br \/>\nPuhelinnumero 0405184929<br \/>\nOsoite:<br \/>\nArabiankatu 4C 76, Helsinki, 00560<\/p>\n<h2 style=\"text-align: center;\">Samuli Tolvanen Valmennukset OY<br \/>\nK\u00e4ytt\u00f6ehdot \/Toimitusehdot<\/h2>\n<div class=\"row\"  id=\"row-402801444\">\n\n\t<div class=\"col medium-2 small-12 large-2\"  >\n\t\t<div class=\"col-inner\"  >\n\t\t\t\n\t\t\t\n\t\t<\/div>\n\t<\/div>\n\n\t\n\n\t<div class=\"col medium-8 small-12 large-8\"  >\n\t\t<div class=\"col-inner\"  >\n\t\t\t\n\t\t\t\n<p>TOIMITUSEHDOT<br \/>\nTOIMITUSEHDOT, versio 4.2.2019<br \/>\nN\u00e4it\u00e4 toimitusehtoja sovelletaan Samuli Tolvanen Valmennukset Oy:n (2931759-7) osalta<\/p>\n<p>1. Yleiset maksu- ja toimitusehdot<br \/>\nVerkkokaupan tuotteita tulevaisuudessa myy Samuli Tolvanen Valmennukset OY(Y-tunnus (2931759-7)). Myymme tuotteita t\u00e4ysi-ik\u00e4isille yksityishenkil\u00f6ille Suomeen ja EU-alueelle. Tuotteiden hinnat sis\u00e4lt\u00e4v\u00e4t arvonlis\u00e4veron. \u2028Pid\u00e4t\u00e4mme oikeuden hintojen ja postikulujen muutoksiin.<br \/>\nTilaaminen<br \/>\nTuotteet tilataan p\u00e4\u00e4s\u00e4\u00e4nt\u00f6isesti internetin v\u00e4lityksell\u00e4 osoitteesta www.samulitolvanenvalmennus.com\/tilaussivu<br \/>\nKaikki tilaukset vahvistetaan s\u00e4hk\u00f6postilla, jossa ilmoitetaan tilauksen hinta, mahdolliset toimituskulut sek\u00e4 tilatut tuotteet. Tilausvahvistuksen saaminen edellytt\u00e4\u00e4 s\u00e4hk\u00f6postiosoitteen ilmoittamista tilauksen yhteydess\u00e4.<br \/>\nAsiakas sitoutuu jokaisen tilauksen yhteydess\u00e4 kulloinkin voimassa oleviin toimitusehtoihin.<br \/>\nTilausvahvistuksesta n\u00e4et:<br \/>\n\u2022Kuitin<br \/>\n\u2022 Laskusi loppusumman<br \/>\nSivuillamme olevan k\u00e4ytt\u00e4j\u00e4tilin kautta voit tarkastaa tilauksen sis\u00e4ll\u00f6n.<br \/>\nMaksutavat<br \/>\nTuotteet ja niiden postikulut maksetaan tilauksen yhteydess\u00e4. Verkkokaupassa voidaan maksaa seuraavilla maksutavoilla: Paytrail tai Stripe Inc -palveluiden kautta.<br \/>\nMAKSUPALVELUNTARJOAJA: PAYTRAIL FINLAND<br \/>\nPaytrail on sinulle turvallinen maksutapa. Meill\u00e4 on Finanssivalvonnan my\u00f6nt\u00e4m\u00e4 maksulaitostoimilupa.<br \/>\nPaytrail toimii verkkomaksujen v\u00e4litt\u00e4j\u00e4n\u00e4. Osana p\u00e4ivitt\u00e4ist\u00e4 maksujenv\u00e4litys- ja yritystoimintaamme k\u00e4sittelemme maksuihin liittyvi\u00e4 henkil\u00f6tietoja.<br \/>\nPAYTRAIL pyrkii kaikissa toiminnoissaan varmistamaan henkil\u00f6tietojen k\u00e4sittelyn tietoturvallisella, yksityisyytt\u00e4 kunnioittavalla ja voimassaolevaa lains\u00e4\u00e4d\u00e4nt\u00f6\u00e4 noudattavalla tavalla. Sitoudumme EU:n Tietosuoja-asetuksen (GDPR) asettamiin vaatimuksiin ja kehit\u00e4mme tietosuojaamme sen mukaisesti. Tietosuoja huomioidaan kaikissa tietoturvaan liittyviss\u00e4 ratkaisuissa.<br \/>\nTietosuojalla tarkoitetaan henkil\u00f6tietojen k\u00e4sittely\u00e4 tavalla, joka takaa yksil\u00f6n oikeuden yksityisyyteen ja omiin tietoihinsa.<br \/>\nPaytrailin johto hyv\u00e4ksyy t\u00e4ss\u00e4 mainitut periaatteet ja sitoutuu tietosuojaty\u00f6h\u00f6n kaikessa toiminnassaan..<br \/>\nVerkkokauppa toimii tuotteiden ja palveluiden markkinoijana sek\u00e4 tuotteiden toimittajana asiakkaalle. Verkkokauppa huolehtii kauppaan liittyvist\u00e4 lakis\u00e4\u00e4teisist\u00e4 sek\u00e4 itse m\u00e4\u00e4rittelemist\u00e4\u00e4n muista velvoitteista. Mik\u00e4li haluat reklamoida tai palauttaa tuotteen, sinun kannattaa olla yhteydess\u00e4 suoraan verkkokauppaan, josta tuote on tilattu.<\/p>\n<p>MAKSUPALVELUNTARJOAJA: STRIPE<br \/>\nStripe on luotettu maksupalvelu, joka on k\u00e4yt\u00f6ss\u00e4 kymmeniss\u00e4 tuhansissa verkkopalveluissa. Stripen kautta voit maksaa eri maksukorteilla, ApplePaylla ja GooglePaylla. Stripen omat k\u00e4ytt\u00f6ehdot voit lukea t\u00e4\u00e4lt\u00e4: https:\/\/stripe.com\/fi\/checkout\/legal<\/p>\n<p>Toimitusaika<br \/>\nS\u00e4hk\u00f6iset kurssit ja oppaat saat s\u00e4hk\u00f6postiisi maksun suoritettuasi. Samuli Tolvasen valmennukset alkavat ilmoitettuina ajankohtina mitk\u00e4 kerrotaan aina asiakkaalle.<\/p>\n<p>Toimitustapa ja toimituskulut<br \/>\nMik\u00e4li toimitus tapahtuu s\u00e4hk\u00f6postitse, ei toimituskuluja veloiteta. Muussa tapauksessa postikulut veloitetaan Postin voimassaolevan hinnaston mukaisesti.<br \/>\nVaihto- ja palautusehdot<br \/>\nAsiakkaalla on Suomen kuluttajansuojalain mukainen 14 p\u00e4iv\u00e4n vaihto- ja palautusoikeus. Tavaroiden osalta palautusoikeus koskee vain alkuper\u00e4ispakkauksessa olevia k\u00e4ytt\u00e4m\u00e4tt\u00f6mi\u00e4 ja myyntikelpoisia tuotteita.<\/p>\n<p>Ongelmatilanteet<br \/>\nMik\u00e4li asiakkaalle on toimitettu v\u00e4\u00e4r\u00e4 tuote tai palvelu taikka asiakas ei ole saanut tilaamaansa tuotetta tai palvelua, tulee asiakkaan ilmoittaa virheest\u00e4 v\u00e4litt\u00f6m\u00e4sti osoitteeseen samuli.tolvanen44@gmail.com<br \/>\nIlmoitus virheellisest\u00e4 toimituksesta tai viallisesta tuotteesta on teht\u00e4v\u00e4 14 p\u00e4iv\u00e4n sis\u00e4ll\u00e4 tilauksesta tai tuotteen vastaanottamisesta.<br \/>\nMuuta<br \/>\nPid\u00e4t\u00e4mme oikeuden muuttaa toimitusehtojamme. Asiakkaan on ennen tilaustaan tutustuttava kulloinkin voimassa oleviin toimitusehtoihin.<br \/>\nSamuli Tolvanen Valmennukset Oy k\u00e4sittelee kaikki asiakastiedot t\u00e4ysin luottamuksellisesti. Samuli Tolvanen Valmennukset OY sitoutuu olemaan luovuttamatta asiakastietoja kolmannelle osapuolelle.<\/p>\n<p>2. Samuli Tolvanen Valmennukset Oy nettivalmennuksen ehdot<br \/>\nSamuli Tolvanen Valmennukset Oy nettivalmennukseen voivat osallistua t\u00e4ysi-ik\u00e4iset henkil\u00f6t, joiden terveydentila hyv\u00e4. Alaik\u00e4isten osalta huoltaja voi omalla vastuullaan hyv\u00e4ksy\u00e4 valmennukseen osallistumisen huollettavansa puolesta. Huoltaja vastaa viime k\u00e4dess\u00e4 j\u00e4senyyteen perustuvista maksuvelvoitteista. J\u00e4senyyden alaik\u00e4raja on viisitoista (15) vuotta.<\/p>\n<p>Samuli Tolvanen Valmennukset Oy tyytyv\u00e4isyystakuu<\/p>\n<p>En takaa t\u00e4ytt\u00e4 tyytyv\u00e4isyystakuuta. \u2028Kuitenkin mik\u00e4li et ole tyytyv\u00e4inen valmennukseen ja haluat peruuttaa osallistumisesi, ole yhteydess\u00e4 osoitteeseen samuli.tolvanen44@gmail.com. T\u00e4m\u00e4 tulee tehd\u00e4 14 p\u00e4iv\u00e4n sis\u00e4ll\u00e4 siit\u00e4 kun olet saanut tilausvahvistuksen eli suorittanut oston ja voimme sopia osittaisesta hyvityksest\u00e4 tai peruutuksesta. Jos peruutusviesti l\u00e4hetet\u00e4\u00e4n vasta 14 p\u00e4iv\u00e4n j\u00e4lkeen tilauksesta niin silloin tyytyv\u00e4isyystakuu on mennyt umpeen.<\/p>\n<p>Samuli Tolvanen Valmennukset Oy vastuu ja treenien turvallisuus<br \/>\nValmennusten ja j\u00e4senyyksien voimassaolon aikana toteutettavat harjoitukset tapahtuvat kaikissa tilanteissa osallistujan omalla vastuulla. Osallistuja on velvollinen huolehtimaan omista tapaturma- ja vapaa-ajan vakuutuksista ja h\u00e4n on tietoinen, ettei h\u00e4nt\u00e4 ole vakuutettu Samuli Tolvanen Valmennukset Oy toimesta.<\/p>\n<p>Osallistuja hyv\u00e4ksyy sen, ett\u00e4 h\u00e4nelle mahdollisesti harjoittelun aikana aiheutuvat rasitusvammat, sairastumiset, loukkaantumiset, ym. ovat h\u00e4nen vastuullaan ja h\u00e4nelle tulee olla vakuutus n\u00e4iden varalta. Valmennukseeni osallistuva asiakas sitoutuu tiedottamaan valmentajia muutoksista terveydentilassaan tai muista harjoitteluun vaikuttavista seikoista (mm. raskaus, loukkaantumiset, l\u00e4\u00e4kehoito).<\/p>\n<p>Samuli Tolvanen Valmennukset Oy pyrkii aina toteuttamaan treenit\/ruokavalion turvallisesti ja valmentajat tekev\u00e4t parhaansa riskien minimoimiseksi, niin treeneiss\u00e4 kuin niiden ulkopuolella. T\u00e4st\u00e4 huolimatta, jokainen osallistuja on ensisijaisesti itse vastuussa siit\u00e4, ett\u00e4 h\u00e4n toteuttaa treenit oman terveydentilansa ja kuntonsa sallimissa rajoissa.<br \/>\nSamuli Tolvanen Valmennukset Oy.n valmennuksiin osallistuva vakuuttaa olevansa tietoinen harjoitteluun liittyvist\u00e4 riskeist\u00e4 ja osallistuu harjoitteluun ja valmennukseen omalla vastuullaan, vapauttaen samalla ohjaajina toimivat henkil\u00f6t ja Samuli Tolvanen Valmennukset Oy:n vastuusta<\/p>\n<p>3.1.3 Kokeiluviikko<br \/>\nSamuli Tolvanen Valmennukset Oy:n henkil\u00f6kohtaiseen valmennukseen on mahdollista j\u00e4rjest\u00e4\u00e4 kokeiluviikko, josta pit\u00e4\u00e4 erikseen mainita Samulille ennen valmennuksen aloitusta.<br \/>\nMik\u00e4li asiakas ei ole irtisanonut sopimusta ilmaisen kokeiluviikon kuluessa, kokeiluviikko muunnetaan automaattisesti ja asiakkaalle erikseen asiasta ilmoittamatta j\u00e4senyydeksi. N\u00e4in ollen, mik\u00e4li asiakas p\u00e4\u00e4tt\u00e4\u00e4, ettei h\u00e4n halua tulla maksavaksi j\u00e4seneksi, asiakkaan tulee siten irtisanoa Sopimus ilmaisen kokeiluviikon kuluessa tai heti sen j\u00e4lkeen. Peruutukset tulee ilmoittaa s\u00e4hk\u00f6postilla osoitteeseen: samuli.tolvanen44@gmail.com<\/p>\n<p>Kuukausij\u00e4senyys<br \/>\nKuukausij\u00e4senyys jatkuu kuukauden kerrallaan siihen saakka, kunnes sopimus irtisanotaan.<\/p>\n<p>3.2.2 J\u00e4senyyden p\u00e4\u00e4tt\u00e4minen<br \/>\nJ\u00e4senyys (vuosi- ja kuukausij\u00e4senyys) irtisanotaan ilmoituksella, joka on teht\u00e4v\u00e4 edelt\u00e4v\u00e4n kuun 15. p\u00e4iv\u00e4\u00e4n menness\u00e4. Esimerkiksi, jos haluat p\u00e4\u00e4tt\u00e4\u00e4 j\u00e4senyytesi joulukuussa, sinun tulee ilmoittaa j\u00e4senyyden p\u00e4\u00e4ttymisest\u00e4 marraskuun 15. p\u00e4iv\u00e4\u00e4n menness\u00e4. Irtisanominen tulee tehd\u00e4 kirjallisesti s\u00e4hk\u00f6postiosoitteeseen samuli.tolvanen44@gmail.com . Irtisanominen astuu voimaan, kun olet saanut s\u00e4hk\u00f6postilla vahvistuksen irtisanomisen vastaanottamisesta. Huomautamme, ett\u00e4 j\u00e4senmaksun maksamatta j\u00e4tt\u00e4mist\u00e4 ei katsota irtisanomiseksi ja j\u00e4senyys velvoittaa siihen saakka, kun irtisanominen on tehty n\u00e4iden ehtojen mukaisesti. Jotta voimme kehitt\u00e4\u00e4 palveluitamme, toivomme sinun kertovan irtisanomisen yhteydess\u00e4 syyn j\u00e4senyyden p\u00e4\u00e4tt\u00e4miselle.<\/p>\n<p>3.2.4 Muut keskeytykset<br \/>\nMuut kuin kohdassa 3.2.3 mainitut keskeytykset ovat l\u00e4ht\u00f6kohtaisesti j\u00e4senen omalla vastuulla. Mik\u00e4li keskeytys kuitenkin johtuu sairaudesta, ty\u00f6matkasta tai muusta vastaavasta pakottavasta esteest\u00e4 ja sen kesto on yli kaksi (2) viikkoa, on j\u00e4senyys mahdollista j\u00e4\u00e4dytt\u00e4\u00e4 esteen ajaksi. J\u00e4\u00e4dytys edellytt\u00e4\u00e4 luotettavaa selvityst\u00e4 (esim. l\u00e4\u00e4k\u00e4rintodistus) ja pid\u00e4t\u00e4mme oikeuden arvioida j\u00e4\u00e4dytyksen tapauskohtaisesti.<br \/>\nJ\u00e4\u00e4dytyksest\u00e4 tulee ilmoittaa viipym\u00e4tt\u00e4 esteen ilmetess\u00e4 s\u00e4hk\u00f6postitse osoitteeseen samuli.tolvanen44@gmail.com. Keskeytys astuu voimaan, kun olet saanut s\u00e4hk\u00f6postilla vahvistuksen j\u00e4\u00e4dytyksen hyv\u00e4ksymisest\u00e4. J\u00e4\u00e4dytyksen ajalta voi hakea hyvityst\u00e4 seuraavaan laskuun. Hyvitykset tehd\u00e4\u00e4n kokonaisista kalenteriviikoista.<\/p>\n<p>3.3.1 Doping ja huumausaineet<br \/>\nJ\u00e4sen tiedostaa, ett\u00e4 suhtaudumme kielteisesti dopingiin ja huumausaineisiin. M\u00e4\u00e4rittelemme dopingin suorituskyky\u00e4 kohottaviksi aineiksi yhdenmukaisesti World Anti-Doping Agencyn (WADA) kanssa. Suorituskyky\u00e4 kohottavien aineiden, huumausaineiden tai alkoholin k\u00e4ytt\u00f6 tai esiintyminen kyseisten aineiden vaikutuksen alaisena on ehdottomasti kielletty treenien aikana. Valmentajilla on oikeus kielt\u00e4\u00e4 osallistuminen valmennukseen, jos valmentajalla on syyt\u00e4 ep\u00e4ill\u00e4, ett\u00e4 j\u00e4sen rikkoo turvallisuuss\u00e4\u00e4nt\u00f6j\u00e4 tai treeneihin osallistumisen muusta syyst\u00e4 olisi omiaan vaarantamaan j\u00e4senen terveytt\u00e4.<\/p>\n<p>3.3.2 Vastuu ja vakuutukset<br \/>\nJ\u00e4senyyden voimassaoloaikana toteutettavat harjoitukset \/ruokavaliot tapahtuvat kaikissa tilanteissa j\u00e4senen omalla vastuulla. J\u00e4sen on velvollinen huolehtimaan omista tapaturma- ja vapaa-ajan vakuutuksista ja h\u00e4n on tietoinen, ettei h\u00e4nt\u00e4 ole vakuutettu Samuli Tolvanen Valmennukset Oy toimesta.<br \/>\nJ\u00e4sen hyv\u00e4ksyy sen, ett\u00e4 h\u00e4nelle mahdollisesti harjoittelun aikana aiheutuvat rasitusvammat, sairastumiset, loukkaantumiset, ym. ovat h\u00e4nen vastuullaan ja h\u00e4nelle tulee olla vakuutus n\u00e4iden varalta. J\u00e4sen sitoutuu tiedottamaan valmentajia muutoksista terveydentilassaan tai muista harjoitteluun vaikuttavista seikoista (mm. raskaus, loukkaantumiset, l\u00e4\u00e4kehoito).<br \/>\nPyrimme aina toteuttamaan treenit turvallisesti ja teemme parhaamme riskien minimoimiseksi, niin treeneiss\u00e4 kuin niiden ulkopuolella. T\u00e4st\u00e4 huolimatta, jokainen j\u00e4sen on ensisijaisesti itse vastuussa siit\u00e4, ett\u00e4 h\u00e4n toteuttaa treenit oman terveydentilansa ja kuntonsa sallimissa rajoissa. J\u00e4sen vakuuttaa olevansa tietoinen harjoitteluun liittyvist\u00e4 riskeist\u00e4 ja osallistuu harjoitteluun omalla vastuullaan, vapauttaen samalla ohjaajina toimivat henkil\u00f6t ja Samuli Tolvanen Valmennukset Oy:n vastuusta.<\/p>\n<p>3.4 Henkil\u00f6kohtainen valmentaminen<br \/>\nValmentajat ovat j\u00e4senten apuna, tukena ja turvana ja he auttavat parhaansa mukaan my\u00f6s mahdollisten henkil\u00f6kohtaisten haasteiden kanssa.<\/p>\n<p>3.6 Henkil\u00f6tiedot, kuvamateriaali ja tallenteet<br \/>\n3.6.1 Henkil\u00f6tiedot<br \/>\nJ\u00e4sen hyv\u00e4ksyy sen, ett\u00e4 h\u00e4nen perustiedot (nimi, s\u00e4hk\u00f6postiosoite, osoite ym.) tallennetaan Samuli Tolvanen Valmennukset Oy:n palveluun. Samuli Tolvanen Valmennukset Oy voi rekister\u00f6id\u00e4, tallentaa ja\/tai k\u00e4sitell\u00e4 j\u00e4seni\u00e4 koskevia henkil\u00f6tietoja (esimerkiksi yhteys-, maksu ja harjoitustietoja) sek\u00e4 j\u00e4senen k\u00e4ytt\u00e4mi\u00e4 palveluita voimassa olevan tietosuojalains\u00e4\u00e4d\u00e4nn\u00f6n mukaisesti. Edell\u00e4 mainittujen tietojen ker\u00e4\u00e4misen tarkoituksena on hallinnoida ja huolehtia j\u00e4senyydest\u00e4 parhaalla mahdollisella tavalla sek\u00e4 my\u00f6s tiedottaa j\u00e4senelle kulloinkin tarjolla olevista palveluista.<\/p>\n<p>3.6.2 Kuvamateriaali ja tallenteet<br \/>\nMik\u00e4li j\u00e4sen ei halua tulla kuvatuksi, tai halua ett\u00e4 h\u00e4nen kuvia julkaistaan sosiaalisessa mediassa on h\u00e4n velvollinen kertomaan siit\u00e4 valmentajille sek\u00e4 huolehtimaan siit\u00e4, ett\u00e4 kuvaustilanteessa h\u00e4n on erill\u00e4\u00e4n muusta ryhm\u00e4st\u00e4.<\/p>\n<p>Samuli Tolvanen Valmennukset Oy pid\u00e4tt\u00e4\u00e4 oikeuden tehd\u00e4 muutoksia n\u00e4iden ehtojen osalta. Muutoksista informoidaan erikseen. J\u00e4sen vakuuttaa, ett\u00e4 h\u00e4n on tutustunut n\u00e4ihin ehtoihin huolellisesti etuk\u00e4teen ja sitoutuu noudattaman niit\u00e4 .<\/p>\n\t\t<\/div>\n\t<\/div>\n\n\t\n\n\t<div class=\"col medium-2 small-12 large-2\"  >\n\t\t<div class=\"col-inner\"  >\n\t\t\t\n\t\t\t\n\t\t<\/div>\n\t<\/div>\n\n\t\n<\/div>\n","protected":false},"excerpt":{"rendered":"<p>Yhteystiedot samuli.tolvanen44@gmail.com Puhelinnumero 0405184929 Osoite: Arabiankatu 4C 76, Helsinki, 00560 Samuli Tolvanen Valmennukset OY K\u00e4ytt\u00f6ehdot \/Toimitusehdot<\/p>\n","protected":false},"author":87,"featured_media":0,"parent":0,"menu_order":0,"comment_status":"closed","ping_status":"closed","template":"","meta":{"pmpro_default_level":0},"yoast_head":"<!-- This site is optimized with the Yoast SEO plugin v18.4.1 - https:\/\/yoast.com\/wordpress\/plugins\/seo\/ -->\n<title>K\u00e4ytt\u00f6ehdot - Samuli Tolvanen<\/title>\n<meta name=\"robots\" content=\"index, follow, max-snippet:-1, max-image-preview:large, max-video-preview:-1\" \/>\n<link rel=\"canonical\" href=\"https:\/\/samulitolvanen.fi\/jasen\/kayttoehdot\/\" \/>\n<meta property=\"og:locale\" content=\"fi_FI\" \/>\n<meta property=\"og:type\" content=\"article\" \/>\n<meta property=\"og:title\" content=\"K\u00e4ytt\u00f6ehdot - Samuli Tolvanen\" \/>\n<meta property=\"og:description\" content=\"Yhteystiedot samuli.tolvanen44@gmail.com Puhelinnumero 0405184929 Osoite: Arabiankatu 4C 76, Helsinki, 00560 Samuli Tolvanen Valmennukset OY K\u00e4ytt\u00f6ehdot \/Toimitusehdot\" \/>\n<meta property=\"og:url\" content=\"https:\/\/samulitolvanen.fi\/jasen\/kayttoehdot\/\" \/>\n<meta property=\"og:site_name\" content=\"Samuli Tolvanen\" \/>\n<meta property=\"article:modified_time\" content=\"2020-05-25T21:52:41+00:00\" \/>\n<meta name=\"twitter:card\" content=\"summary_large_image\" \/>\n<meta name=\"twitter:label1\" content=\"Arvioitu lukuaika\" \/>\n\t<meta name=\"twitter:data1\" content=\"8 minuuttia\" \/>\n<script type=\"application\/ld+json\" class=\"yoast-schema-graph\">{\"@context\":\"https:\/\/schema.org\",\"@graph\":[{\"@type\":\"WebSite\",\"@id\":\"https:\/\/samulitolvanen.fi\/jasen\/#website\",\"url\":\"https:\/\/samulitolvanen.fi\/jasen\/\",\"name\":\"Samuli Tolvanen\",\"description\":\"J\u00e4sensivu\",\"potentialAction\":[{\"@type\":\"SearchAction\",\"target\":{\"@type\":\"EntryPoint\",\"urlTemplate\":\"https:\/\/samulitolvanen.fi\/jasen\/?s={search_term_string}\"},\"query-input\":\"required name=search_term_string\"}],\"inLanguage\":\"fi\"},{\"@type\":\"WebPage\",\"@id\":\"https:\/\/samulitolvanen.fi\/jasen\/kayttoehdot\/#webpage\",\"url\":\"https:\/\/samulitolvanen.fi\/jasen\/kayttoehdot\/\",\"name\":\"K\u00e4ytt\u00f6ehdot - Samuli Tolvanen\",\"isPartOf\":{\"@id\":\"https:\/\/samulitolvanen.fi\/jasen\/#website\"},\"datePublished\":\"2020-05-25T21:50:41+00:00\",\"dateModified\":\"2020-05-25T21:52:41+00:00\",\"breadcrumb\":{\"@id\":\"https:\/\/samulitolvanen.fi\/jasen\/kayttoehdot\/#breadcrumb\"},\"inLanguage\":\"fi\",\"potentialAction\":[{\"@type\":\"ReadAction\",\"target\":[\"https:\/\/samulitolvanen.fi\/jasen\/kayttoehdot\/\"]}]},{\"@type\":\"BreadcrumbList\",\"@id\":\"https:\/\/samulitolvanen.fi\/jasen\/kayttoehdot\/#breadcrumb\",\"itemListElement\":[{\"@type\":\"ListItem\",\"position\":1,\"name\":\"Home\",\"item\":\"https:\/\/samulitolvanen.fi\/jasen\/\"},{\"@type\":\"ListItem\",\"position\":2,\"name\":\"K\u00e4ytt\u00f6ehdot\"}]}]}<\/script>\n<!-- \/ Yoast SEO plugin. -->","yoast_head_json":{"title":"K\u00e4ytt\u00f6ehdot - Samuli Tolvanen","robots":{"index":"index","follow":"follow","max-snippet":"max-snippet:-1","max-image-preview":"max-image-preview:large","max-video-preview":"max-video-preview:-1"},"canonical":"https:\/\/samulitolvanen.fi\/jasen\/kayttoehdot\/","og_locale":"fi_FI","og_type":"article","og_title":"K\u00e4ytt\u00f6ehdot - Samuli Tolvanen","og_description":"Yhteystiedot samuli.tolvanen44@gmail.com Puhelinnumero 0405184929 Osoite: Arabiankatu 4C 76, Helsinki, 00560 Samuli Tolvanen Valmennukset OY K\u00e4ytt\u00f6ehdot \/Toimitusehdot","og_url":"https:\/\/samulitolvanen.fi\/jasen\/kayttoehdot\/","og_site_name":"Samuli Tolvanen","article_modified_time":"2020-05-25T21:52:41+00:00","twitter_card":"summary_large_image","twitter_misc":{"Arvioitu lukuaika":"8 minuuttia"},"schema":{"@context":"https:\/\/schema.org","@graph":[{"@type":"WebSite","@id":"https:\/\/samulitolvanen.fi\/jasen\/#website","url":"https:\/\/samulitolvanen.fi\/jasen\/","name":"Samuli Tolvanen","description":"J\u00e4sensivu","potentialAction":[{"@type":"SearchAction","target":{"@type":"EntryPoint","urlTemplate":"https:\/\/samulitolvanen.fi\/jasen\/?s={search_term_string}"},"query-input":"required name=search_term_string"}],"inLanguage":"fi"},{"@type":"WebPage","@id":"https:\/\/samulitolvanen.fi\/jasen\/kayttoehdot\/#webpage","url":"https:\/\/samulitolvanen.fi\/jasen\/kayttoehdot\/","name":"K\u00e4ytt\u00f6ehdot - Samuli Tolvanen","isPartOf":{"@id":"https:\/\/samulitolvanen.fi\/jasen\/#website"},"datePublished":"2020-05-25T21:50:41+00:00","dateModified":"2020-05-25T21:52:41+00:00","breadcrumb":{"@id":"https:\/\/samulitolvanen.fi\/jasen\/kayttoehdot\/#breadcrumb"},"inLanguage":"fi","potentialAction":[{"@type":"ReadAction","target":["https:\/\/samulitolvanen.fi\/jasen\/kayttoehdot\/"]}]},{"@type":"BreadcrumbList","@id":"https:\/\/samulitolvanen.fi\/jasen\/kayttoehdot\/#breadcrumb","itemListElement":[{"@type":"ListItem","position":1,"name":"Home","item":"https:\/\/samulitolvanen.fi\/jasen\/"},{"@type":"ListItem","position":2,"name":"K\u00e4ytt\u00f6ehdot"}]}]}},"_links":{"self":[{"href":"https:\/\/samulitolvanen.fi\/jasen\/wp-json\/wp\/v2\/pages\/1678"}],"collection":[{"href":"https:\/\/samulitolvanen.fi\/jasen\/wp-json\/wp\/v2\/pages"}],"about":[{"href":"https:\/\/samulitolvanen.fi\/jasen\/wp-json\/wp\/v2\/types\/page"}],"author":[{"embeddable":true,"href":"https:\/\/samulitolvanen.fi\/jasen\/wp-json\/wp\/v2\/users\/87"}],"replies":[{"embeddable":true,"href":"https:\/\/samulitolvanen.fi\/jasen\/wp-json\/wp\/v2\/comments?post=1678"}],"version-history":[{"count":3,"href":"https:\/\/samulitolvanen.fi\/jasen\/wp-json\/wp\/v2\/pages\/1678\/revisions"}],"predecessor-version":[{"id":1681,"href":"https:\/\/samulitolvanen.fi\/jasen\/wp-json\/wp\/v2\/pages\/1678\/revisions\/1681"}],"wp:attachment":[{"href":"https:\/\/samulitolvanen.fi\/jasen\/wp-json\/wp\/v2\/media?parent=1678"}],"curies":[{"name":"wp","href":"https:\/\/api.w.org\/{rel}","templated":true}]}}